{"id":63,"date":"2025-06-24T20:17:24","date_gmt":"2025-06-24T18:17:24","guid":{"rendered":"https:\/\/todobien.fr\/?page_id=63"},"modified":"2025-06-24T20:23:23","modified_gmt":"2025-06-24T18:23:23","slug":"grand-depart","status":"publish","type":"page","link":"https:\/\/todobien.fr\/index.php\/grand-depart\/","title":{"rendered":"grand d\u00e9part"},"content":{"rendered":"\n<figure class=\"wp-block-image size-large\"><img loading=\"lazy\" decoding=\"async\" width=\"1024\" height=\"679\" src=\"http:\/\/todobien.fr\/wp-content\/uploads\/2025\/06\/000029760015-1024x679.jpg\" alt=\"\" class=\"wp-image-59\" srcset=\"https:\/\/todobien.fr\/wp-content\/uploads\/2025\/06\/000029760015-1024x679.jpg 1024w, https:\/\/todobien.fr\/wp-content\/uploads\/2025\/06\/000029760015-300x199.jpg 300w, https:\/\/todobien.fr\/wp-content\/uploads\/2025\/06\/000029760015-768x509.jpg 768w, https:\/\/todobien.fr\/wp-content\/uploads\/2025\/06\/000029760015-1536x1018.jpg 1536w, https:\/\/todobien.fr\/wp-content\/uploads\/2025\/06\/000029760015-2048x1358.jpg 2048w\" sizes=\"auto, (max-width: 1024px) 100vw, 1024px\" \/><\/figure>\n\n\n\n<p class=\"has-medium-font-size\"><strong>grand d\u00e9part<\/strong><\/p>\n\n\n\n<p class=\"has-small-font-size\"><em>2025 &#8211; france &#8211; nouvelle &#8211; fiction<\/em><\/p>\n\n\n\n<p class=\"has-small-font-size\">\u00e0 l&#8217;occasion du concours de nouvelles organis\u00e9 par le magazine Zone critique<\/p>\n\n\n\n<p class=\"has-small-font-size\"><strong>th\u00e8me :<\/strong> extinction(s)<\/p>\n\n\n\n<p class=\"has-small-font-size\"><strong>synopsis :&nbsp;<\/strong>Il et elle d\u00e9cident de prendre des vacances bien m\u00e9rit\u00e9es sur l&#8217;\u00eele paradisiaque de Tenerife, dans l&#8217;archipel des Canaries. Histoire de se donner du temps \u00e0 deux, peut-\u00eatre se retrouver, aussi. Au loin, un canadair traverse le ciel.<\/p>\n\n\n\n<p class=\"has-small-font-size\"><strong>inspirations <\/strong>: les choses, de georges perec; mort \u00e0 venise, de luchino visconti; the white lotus, de mike white. <\/p>\n\n\n\n<p class=\"has-small-font-size\"><strong>photographies <\/strong>: fernanda arias gogin et timoth\u00e9e gaudin<\/p>\n\n\n\n<div data-wp-interactive=\"core\/file\" class=\"wp-block-file\"><object data-wp-bind--hidden=\"!state.hasPdfPreview\" hidden class=\"wp-block-file__embed\" data=\"https:\/\/todobien.fr\/wp-content\/uploads\/2025\/06\/Grand-depart-Timothee-Gaudin.pdf\" type=\"application\/pdf\" style=\"width:100%;height:600px\" aria-label=\"Embed of Grand de\u0301part - Timoth\u00e9e Gaudin.\"><\/object><a id=\"wp-block-file--media-1a1e51c7-2a6b-42c4-b9f8-d8acaf16b0a8\" href=\"https:\/\/todobien.fr\/wp-content\/uploads\/2025\/06\/Grand-depart-Timothee-Gaudin.pdf\">Grand de\u0301part &#8211; Timoth\u00e9e Gaudin<\/a><a href=\"https:\/\/todobien.fr\/wp-content\/uploads\/2025\/06\/Grand-depart-Timothee-Gaudin.pdf\" class=\"wp-block-file__button wp-element-button\" download aria-describedby=\"wp-block-file--media-1a1e51c7-2a6b-42c4-b9f8-d8acaf16b0a8\">T\u00e9l\u00e9charger<\/a><\/div>\n\n\n\n<div class=\"wp-block-buttons is-layout-flex wp-block-buttons-is-layout-flex\">\n<div class=\"wp-block-button\"><a class=\"wp-block-button__link wp-element-button\" href=\"mailto:timothee.gaudin@gmail.com\">Laisser un commentaire &#8230;<\/a><\/div>\n<\/div>\n\n\n\n<p class=\"has-small-font-size\"><\/p>\n\n\n\n<div style=\"height:53px\" aria-hidden=\"true\" class=\"wp-block-spacer\"><\/div>\n\n\n\n<figure class=\"wp-block-image size-large\"><img loading=\"lazy\" decoding=\"async\" width=\"1024\" height=\"679\" src=\"http:\/\/todobien.fr\/wp-content\/uploads\/2025\/06\/000029760005-1024x679.jpg\" alt=\"\" class=\"wp-image-55\" srcset=\"https:\/\/todobien.fr\/wp-content\/uploads\/2025\/06\/000029760005-1024x679.jpg 1024w, https:\/\/todobien.fr\/wp-content\/uploads\/2025\/06\/000029760005-300x199.jpg 300w, https:\/\/todobien.fr\/wp-content\/uploads\/2025\/06\/000029760005-768x509.jpg 768w, https:\/\/todobien.fr\/wp-content\/uploads\/2025\/06\/000029760005-1536x1018.jpg 1536w, https:\/\/todobien.fr\/wp-content\/uploads\/2025\/06\/000029760005-2048x1358.jpg 2048w\" sizes=\"auto, (max-width: 1024px) 100vw, 1024px\" \/><\/figure>\n\n\n\n<figure class=\"wp-block-image size-large\"><img loading=\"lazy\" decoding=\"async\" width=\"1024\" height=\"679\" src=\"http:\/\/todobien.fr\/wp-content\/uploads\/2025\/06\/000029760017-1024x679.jpg\" alt=\"\" class=\"wp-image-60\" srcset=\"https:\/\/todobien.fr\/wp-content\/uploads\/2025\/06\/000029760017-1024x679.jpg 1024w, https:\/\/todobien.fr\/wp-content\/uploads\/2025\/06\/000029760017-300x199.jpg 300w, https:\/\/todobien.fr\/wp-content\/uploads\/2025\/06\/000029760017-768x509.jpg 768w, https:\/\/todobien.fr\/wp-content\/uploads\/2025\/06\/000029760017-1536x1018.jpg 1536w, https:\/\/todobien.fr\/wp-content\/uploads\/2025\/06\/000029760017-2048x1358.jpg 2048w\" sizes=\"auto, (max-width: 1024px) 100vw, 1024px\" \/><\/figure>\n\n\n\n<figure class=\"wp-block-image size-large\"><img loading=\"lazy\" decoding=\"async\" width=\"679\" height=\"1024\" src=\"http:\/\/todobien.fr\/wp-content\/uploads\/2025\/06\/000029760014-679x1024.jpg\" alt=\"\" class=\"wp-image-58\" srcset=\"https:\/\/todobien.fr\/wp-content\/uploads\/2025\/06\/000029760014-679x1024.jpg 679w, https:\/\/todobien.fr\/wp-content\/uploads\/2025\/06\/000029760014-199x300.jpg 199w, https:\/\/todobien.fr\/wp-content\/uploads\/2025\/06\/000029760014-768x1158.jpg 768w, https:\/\/todobien.fr\/wp-content\/uploads\/2025\/06\/000029760014-1018x1536.jpg 1018w, https:\/\/todobien.fr\/wp-content\/uploads\/2025\/06\/000029760014-1358x2048.jpg 1358w, https:\/\/todobien.fr\/wp-content\/uploads\/2025\/06\/000029760014-scaled.jpg 1697w\" sizes=\"auto, (max-width: 679px) 100vw, 679px\" \/><\/figure>\n\n\n\n<div class=\"wp-block-columns is-layout-flex wp-container-core-columns-is-layout-28f84493 wp-block-columns-is-layout-flex\">\n<div class=\"wp-block-column is-layout-flow wp-block-column-is-layout-flow\">\n<div style=\"height:8px\" aria-hidden=\"true\" class=\"wp-block-spacer\"><\/div>\n<\/div>\n\n\n\n<div class=\"wp-block-column is-vertically-aligned-top is-layout-flow wp-block-column-is-layout-flow\">\n<div class=\"wp-block-columns is-layout-flex wp-container-core-columns-is-layout-28f84493 wp-block-columns-is-layout-flex\">\n<div class=\"wp-block-column is-layout-flow wp-block-column-is-layout-flow\"><\/div>\n<\/div>\n\n\n\n<p class=\"has-text-align-left\"><\/p>\n<\/div>\n<\/div>\n\n\n\n<p><\/p>\n","protected":false},"excerpt":{"rendered":"<p>grand d\u00e9part 2025 &#8211; france &#8211; nouvelle &#8211; fiction \u00e0 l&#8217;occasion du concours de nouvelles organis\u00e9 par le magazine Zone critique th\u00e8me : extinction(s) synopsis :&nbsp;Il et elle d\u00e9cident de prendre des vacances bien m\u00e9rit\u00e9es sur l&#8217;\u00eele paradisiaque de Tenerife, dans l&#8217;archipel des Canaries. Histoire de se donner du temps \u00e0 deux, peut-\u00eatre se retrouver, [&hellip;]<\/p>\n","protected":false},"author":1,"featured_media":0,"parent":0,"menu_order":0,"comment_status":"closed","ping_status":"closed","template":"page-no-title","meta":{"footnotes":""},"class_list":["post-63","page","type-page","status-publish","hentry"],"_links":{"self":[{"href":"https:\/\/todobien.fr\/index.php\/wp-json\/wp\/v2\/pages\/63","targetHints":{"allow":["GET"]}}],"collection":[{"href":"https:\/\/todobien.fr\/index.php\/wp-json\/wp\/v2\/pages"}],"about":[{"href":"https:\/\/todobien.fr\/index.php\/wp-json\/wp\/v2\/types\/page"}],"author":[{"embeddable":true,"href":"https:\/\/todobien.fr\/index.php\/wp-json\/wp\/v2\/users\/1"}],"replies":[{"embeddable":true,"href":"https:\/\/todobien.fr\/index.php\/wp-json\/wp\/v2\/comments?post=63"}],"version-history":[{"count":3,"href":"https:\/\/todobien.fr\/index.php\/wp-json\/wp\/v2\/pages\/63\/revisions"}],"predecessor-version":[{"id":69,"href":"https:\/\/todobien.fr\/index.php\/wp-json\/wp\/v2\/pages\/63\/revisions\/69"}],"wp:attachment":[{"href":"https:\/\/todobien.fr\/index.php\/wp-json\/wp\/v2\/media?parent=63"}],"curies":[{"name":"wp","href":"https:\/\/api.w.org\/{rel}","templated":true}]}}