{"id":33,"date":"2024-05-19T17:11:44","date_gmt":"2024-05-19T15:11:44","guid":{"rendered":"http:\/\/todobien.fr\/?page_id=33"},"modified":"2025-06-24T20:24:04","modified_gmt":"2025-06-24T18:24:04","slug":"petit-dimanche","status":"publish","type":"page","link":"https:\/\/todobien.fr\/index.php\/petit-dimanche\/","title":{"rendered":"petit dimanche"},"content":{"rendered":"\n<p><\/p>\n\n\n\n<figure class=\"wp-block-embed is-type-video is-provider-youtube wp-block-embed-youtube wp-embed-aspect-16-9 wp-has-aspect-ratio\"><div class=\"wp-block-embed__wrapper\">\n<iframe loading=\"lazy\" title=\"Petit Dimanche (2023)\" width=\"500\" height=\"281\" src=\"https:\/\/www.youtube.com\/embed\/efIY25rGjf8?feature=oembed\" frameborder=\"0\" allow=\"accelerometer; autoplay; clipboard-write; encrypted-media; gyroscope; picture-in-picture; web-share\" referrerpolicy=\"strict-origin-when-cross-origin\" allowfullscreen><\/iframe>\n<\/div><\/figure>\n\n\n\n<p class=\"has-medium-font-size\"><strong>petit dimanche<\/strong><\/p>\n\n\n\n<p class=\"has-small-font-size\"><em>2023 &#8211; france &#8211; 17\u2019\u2019 &#8211; fiction<\/em><\/p>\n\n\n\n<p class=\"has-small-font-size\"><strong>\u00e9quipe :<\/strong><\/p>\n\n\n\n<p class=\"has-small-font-size\">\u00e9criture, r\u00e9alisation et montage : timoth\u00e9e gaudin &#8211; jeu : armance galpin et aur\u00e9lien houver &#8211; image : cyril cante &#8211; \u00e9talonnage : julien mounier &#8211; montage son : timoth\u00e9e gaudin et r\u00e9mi carreau &#8211; mixage : r\u00e9mi carreau &#8211; piano : alexandre zar\u00e9a &#8211; enregistrement : cl\u00e9ment cerles&nbsp;<\/p>\n\n\n\n<p class=\"has-small-font-size\"><strong>synopsis :&nbsp;<\/strong><\/p>\n\n\n\n<p class=\"has-small-font-size\">il et elle se r\u00e9veillent dans le confort de leur appartement de jeunes trentenaires. c\u2019est un dimanche comme un autre, l\u2019occasion de faire un peu de m\u00e9nage, de tra\u00eener sur son t\u00e9l\u00e9phone, de cuisiner, de bouquiner. ou seulement ne rien faire. surtout, ne pas sortir.&nbsp;<\/p>\n\n\n\n<p><\/p>\n\n\n\n<div class=\"wp-block-buttons is-layout-flex wp-block-buttons-is-layout-flex\">\n<div class=\"wp-block-button\"><a class=\"wp-block-button__link wp-element-button\" href=\"mailto:timothee.gaudin@gmail.com\">Laisser un commentaire &#8230;<\/a><\/div>\n<\/div>\n\n\n\n<p class=\"has-small-font-size\"><\/p>\n\n\n\n<div style=\"height:53px\" aria-hidden=\"true\" class=\"wp-block-spacer\"><\/div>\n\n\n\n<div class=\"wp-block-columns is-layout-flex wp-container-core-columns-is-layout-28f84493 wp-block-columns-is-layout-flex\">\n<div class=\"wp-block-column is-layout-flow wp-block-column-is-layout-flow\">\n<figure class=\"wp-block-image alignright size-large is-resized\"><img loading=\"lazy\" decoding=\"async\" width=\"724\" height=\"1024\" src=\"http:\/\/todobien.fr\/wp-content\/uploads\/2024\/05\/Affiche-Petit-Dimanche-724x1024.jpg\" alt=\"\" class=\"wp-image-34\" style=\"width:477px;height:auto\" srcset=\"https:\/\/todobien.fr\/wp-content\/uploads\/2024\/05\/Affiche-Petit-Dimanche-724x1024.jpg 724w, https:\/\/todobien.fr\/wp-content\/uploads\/2024\/05\/Affiche-Petit-Dimanche-212x300.jpg 212w, https:\/\/todobien.fr\/wp-content\/uploads\/2024\/05\/Affiche-Petit-Dimanche-768x1086.jpg 768w, https:\/\/todobien.fr\/wp-content\/uploads\/2024\/05\/Affiche-Petit-Dimanche-1086x1536.jpg 1086w, https:\/\/todobien.fr\/wp-content\/uploads\/2024\/05\/Affiche-Petit-Dimanche-1448x2048.jpg 1448w, https:\/\/todobien.fr\/wp-content\/uploads\/2024\/05\/Affiche-Petit-Dimanche.jpg 1738w\" sizes=\"auto, (max-width: 724px) 100vw, 724px\" \/><\/figure>\n\n\n\n<div style=\"height:8px\" aria-hidden=\"true\" class=\"wp-block-spacer\"><\/div>\n\n\n\n<figure class=\"wp-block-image alignright size-large is-resized\"><img loading=\"lazy\" decoding=\"async\" width=\"1024\" height=\"574\" src=\"http:\/\/todobien.fr\/wp-content\/uploads\/2024\/05\/Canape-tele-1024x574.png\" alt=\"\" class=\"wp-image-41\" style=\"width:409px;height:auto\" srcset=\"https:\/\/todobien.fr\/wp-content\/uploads\/2024\/05\/Canape-tele-1024x574.png 1024w, https:\/\/todobien.fr\/wp-content\/uploads\/2024\/05\/Canape-tele-300x168.png 300w, https:\/\/todobien.fr\/wp-content\/uploads\/2024\/05\/Canape-tele-768x430.png 768w, https:\/\/todobien.fr\/wp-content\/uploads\/2024\/05\/Canape-tele-1536x860.png 1536w, https:\/\/todobien.fr\/wp-content\/uploads\/2024\/05\/Canape-tele.png 1621w\" sizes=\"auto, (max-width: 1024px) 100vw, 1024px\" \/><\/figure>\n<\/div>\n\n\n\n<div class=\"wp-block-column is-layout-flow wp-block-column-is-layout-flow\">\n<div class=\"wp-block-columns is-layout-flex wp-container-core-columns-is-layout-28f84493 wp-block-columns-is-layout-flex\">\n<div class=\"wp-block-column is-layout-flow wp-block-column-is-layout-flow\"><\/div>\n\n\n\n<div class=\"wp-block-column is-layout-flow wp-block-column-is-layout-flow\"><\/div>\n<\/div>\n\n\n\n<figure class=\"wp-block-image size-large is-resized\"><img loading=\"lazy\" decoding=\"async\" width=\"1024\" height=\"570\" src=\"http:\/\/todobien.fr\/wp-content\/uploads\/2024\/05\/calin-couloir-1024x570.png\" alt=\"\" class=\"wp-image-38\" style=\"width:572px;height:auto\" srcset=\"https:\/\/todobien.fr\/wp-content\/uploads\/2024\/05\/calin-couloir-1024x570.png 1024w, https:\/\/todobien.fr\/wp-content\/uploads\/2024\/05\/calin-couloir-300x167.png 300w, https:\/\/todobien.fr\/wp-content\/uploads\/2024\/05\/calin-couloir-768x428.png 768w, https:\/\/todobien.fr\/wp-content\/uploads\/2024\/05\/calin-couloir-1536x855.png 1536w, https:\/\/todobien.fr\/wp-content\/uploads\/2024\/05\/calin-couloir.png 1616w\" sizes=\"auto, (max-width: 1024px) 100vw, 1024px\" \/><\/figure>\n\n\n\n<figure class=\"wp-block-image size-large is-resized\"><img loading=\"lazy\" decoding=\"async\" width=\"1024\" height=\"579\" src=\"http:\/\/todobien.fr\/wp-content\/uploads\/2024\/05\/Canap-portable-2--1024x579.png\" alt=\"\" class=\"wp-image-39\" style=\"width:412px;height:auto\" srcset=\"https:\/\/todobien.fr\/wp-content\/uploads\/2024\/05\/Canap-portable-2--1024x579.png 1024w, https:\/\/todobien.fr\/wp-content\/uploads\/2024\/05\/Canap-portable-2--300x170.png 300w, https:\/\/todobien.fr\/wp-content\/uploads\/2024\/05\/Canap-portable-2--768x434.png 768w, https:\/\/todobien.fr\/wp-content\/uploads\/2024\/05\/Canap-portable-2--1536x869.png 1536w, https:\/\/todobien.fr\/wp-content\/uploads\/2024\/05\/Canap-portable-2-.png 1575w\" sizes=\"auto, (max-width: 1024px) 100vw, 1024px\" \/><\/figure>\n\n\n\n<figure class=\"wp-block-image size-large is-resized\"><img loading=\"lazy\" decoding=\"async\" width=\"1024\" height=\"572\" src=\"http:\/\/todobien.fr\/wp-content\/uploads\/2024\/05\/Yoga-1024x572.png\" alt=\"\" class=\"wp-image-37\" style=\"width:327px;height:auto\" srcset=\"https:\/\/todobien.fr\/wp-content\/uploads\/2024\/05\/Yoga-1024x572.png 1024w, https:\/\/todobien.fr\/wp-content\/uploads\/2024\/05\/Yoga-300x167.png 300w, https:\/\/todobien.fr\/wp-content\/uploads\/2024\/05\/Yoga-768x429.png 768w, https:\/\/todobien.fr\/wp-content\/uploads\/2024\/05\/Yoga-1536x857.png 1536w, https:\/\/todobien.fr\/wp-content\/uploads\/2024\/05\/Yoga.png 1616w\" sizes=\"auto, (max-width: 1024px) 100vw, 1024px\" \/><\/figure>\n\n\n\n<p class=\"has-text-align-left\"><\/p>\n<\/div>\n<\/div>\n","protected":false},"excerpt":{"rendered":"<p>petit dimanche 2023 &#8211; france &#8211; 17\u2019\u2019 &#8211; fiction \u00e9quipe : \u00e9criture, r\u00e9alisation et montage : timoth\u00e9e gaudin &#8211; jeu : armance galpin et aur\u00e9lien houver &#8211; image : cyril cante &#8211; \u00e9talonnage : julien mounier &#8211; montage son : timoth\u00e9e gaudin et r\u00e9mi carreau &#8211; mixage : r\u00e9mi carreau &#8211; piano : alexandre zar\u00e9a [&hellip;]<\/p>\n","protected":false},"author":1,"featured_media":0,"parent":0,"menu_order":0,"comment_status":"open","ping_status":"closed","template":"page-no-title","meta":{"footnotes":""},"class_list":["post-33","page","type-page","status-publish","hentry"],"_links":{"self":[{"href":"https:\/\/todobien.fr\/index.php\/wp-json\/wp\/v2\/pages\/33","targetHints":{"allow":["GET"]}}],"collection":[{"href":"https:\/\/todobien.fr\/index.php\/wp-json\/wp\/v2\/pages"}],"about":[{"href":"https:\/\/todobien.fr\/index.php\/wp-json\/wp\/v2\/types\/page"}],"author":[{"embeddable":true,"href":"https:\/\/todobien.fr\/index.php\/wp-json\/wp\/v2\/users\/1"}],"replies":[{"embeddable":true,"href":"https:\/\/todobien.fr\/index.php\/wp-json\/wp\/v2\/comments?post=33"}],"version-history":[{"count":6,"href":"https:\/\/todobien.fr\/index.php\/wp-json\/wp\/v2\/pages\/33\/revisions"}],"predecessor-version":[{"id":70,"href":"https:\/\/todobien.fr\/index.php\/wp-json\/wp\/v2\/pages\/33\/revisions\/70"}],"wp:attachment":[{"href":"https:\/\/todobien.fr\/index.php\/wp-json\/wp\/v2\/media?parent=33"}],"curies":[{"name":"wp","href":"https:\/\/api.w.org\/{rel}","templated":true}]}}